{"id":2,"date":"2026-05-13T21:07:36","date_gmt":"2026-05-13T21:07:36","guid":{"rendered":"https:\/\/peoherrdin\/?page_id=2"},"modified":"2026-05-13T22:46:27","modified_gmt":"2026-05-13T22:46:27","slug":"sample-page","status":"publish","type":"page","link":"https:\/\/peoherrdin.se\/","title":{"rendered":"Hem"},"content":{"rendered":"<h1>Galleri<\/h1>\n<h1>Peo Herrdin<\/h1>\n<h1>Palettens R\u00f6st \u2022 N\u00e4r ideer blir konst<\/h1>\n<ul>\n<li>\n<p>        <img decoding=\"async\" src=\"\/wp-content\/uploads\/2026\/05\/head.jpg\" alt=\"\"><\/p>\n<h3>Morgonens Sista R\u00f6k<\/h3>\n<p>Peo Herrdin, 2026<\/p>\n<div>En oljem\u00e5lning f\u00f6rest\u00e4llande en medel\u00e5lders man sittande vid ett f\u00f6nsterbord, halvt v\u00e4nd mot betraktaren. D\u00e4mpade, kalla f\u00e4rger dominerar rummet; ljuset fr\u00e5n morgonsolen sk\u00e4r genom en tunn gardin och lyfter upp r\u00f6kvirvlar fr\u00e5n en nyligen sl\u00e4ckt cigarett. Mannens ansikte \u00e4r skuggat, med fina penseldrag som antyder b\u00e5de tr\u00f6tthet och stillsam eftertanke. Bakgrunden \u00e4r l\u00f6st m\u00e5lad \u2014 b\u00f6cker, en kopp kallt kaffe och en stapel brev ger fragment av ett liv, medan penseltekniken v\u00e4xlar mellan noggrann realism i ansiktet och impressionistiska svep i omgivningen. Kontrasten mellan det varma ljuset och de kalla tonerna i rummet skapar en k\u00e4nsla av b\u00e5de nostalgi och avskildhet.<\/div>\n<\/li>\n<li>\n<p>        <img decoding=\"async\" src=\"\/wp-content\/uploads\/2026\/05\/head.jpg\" alt=\"\"><\/p>\n<h3>Morgonens Sista R\u00f6k<\/h3>\n<p>Peo Herrdin, 2022<\/p>\n<div>En oljem\u00e5lning f\u00f6rest\u00e4llande en medel\u00e5lders man sittande vid ett f\u00f6nsterbord, halvt v\u00e4nd mot betraktaren. D\u00e4mpade, kalla f\u00e4rger dominerar rummet; ljuset fr\u00e5n morgonsolen sk\u00e4r genom en tunn gardin och lyfter upp r\u00f6kvirvlar fr\u00e5n en nyligen sl\u00e4ckt cigarett. Mannens ansikte \u00e4r skuggat, med fina penseldrag som antyder b\u00e5de tr\u00f6tthet och stillsam eftertanke. Bakgrunden \u00e4r l\u00f6st m\u00e5lad \u2014 b\u00f6cker, en kopp kallt kaffe och en stapel brev ger fragment av ett liv, medan penseltekniken v\u00e4xlar mellan noggrann realism i ansiktet och impressionistiska svep i omgivningen. Kontrasten mellan det varma ljuset och de kalla tonerna i rummet skapar en k\u00e4nsla av b\u00e5de nostalgi och avskildhet.<\/div>\n<\/li>\n<li>\n<p>        <img decoding=\"async\" src=\"\/wp-content\/uploads\/2026\/05\/head.jpg\" alt=\"\"><\/p>\n<h3>Morgonens Sista R\u00f6k<\/h3>\n<p>Peo Herrdin, 2026<\/p>\n<div>En oljem\u00e5lning f\u00f6rest\u00e4llande en medel\u00e5lders man sittande vid ett f\u00f6nsterbord, halvt v\u00e4nd mot betraktaren. D\u00e4mpade, kalla f\u00e4rger dominerar rummet; ljuset fr\u00e5n morgonsolen sk\u00e4r genom en tunn gardin och lyfter upp r\u00f6kvirvlar fr\u00e5n en nyligen sl\u00e4ckt cigarett. Mannens ansikte \u00e4r skuggat, med fina penseldrag som antyder b\u00e5de tr\u00f6tthet och stillsam eftertanke. Bakgrunden \u00e4r l\u00f6st m\u00e5lad \u2014 b\u00f6cker, en kopp kallt kaffe och en stapel brev ger fragment av ett liv, medan penseltekniken v\u00e4xlar mellan noggrann realism i ansiktet och impressionistiska svep i omgivningen. Kontrasten mellan det varma ljuset och de kalla tonerna i rummet skapar en k\u00e4nsla av b\u00e5de nostalgi och avskildhet.<\/div>\n<\/li>\n<li>\n<p>        <img decoding=\"async\" src=\"\/wp-content\/uploads\/2026\/05\/head.jpg\" alt=\"\"><\/p>\n<h3>Morgonens Sista R\u00f6k<\/h3>\n<p>Peo Herrdin, 2026<\/p>\n<div>En oljem\u00e5lning f\u00f6rest\u00e4llande en medel\u00e5lders man sittande vid ett f\u00f6nsterbord, halvt v\u00e4nd mot betraktaren. D\u00e4mpade, kalla f\u00e4rger dominerar rummet; ljuset fr\u00e5n morgonsolen sk\u00e4r genom en tunn gardin och lyfter upp r\u00f6kvirvlar fr\u00e5n en nyligen sl\u00e4ckt cigarett. Mannens ansikte \u00e4r skuggat, med fina penseldrag som antyder b\u00e5de tr\u00f6tthet och stillsam eftertanke. Bakgrunden \u00e4r l\u00f6st m\u00e5lad \u2014 b\u00f6cker, en kopp kallt kaffe och en stapel brev ger fragment av ett liv, medan penseltekniken v\u00e4xlar mellan noggrann realism i ansiktet och impressionistiska svep i omgivningen. Kontrasten mellan det varma ljuset och de kalla tonerna i rummet skapar en k\u00e4nsla av b\u00e5de nostalgi och avskildhet.<\/div>\n<\/li>\n<li>\n<p>        <img decoding=\"async\" src=\"\/wp-content\/uploads\/2026\/05\/head.jpg\" alt=\"\"><\/p>\n<h3>Morgonens Sista R\u00f6k<\/h3>\n<p>Peo Herrdin, 2026<\/p>\n<div>En oljem\u00e5lning f\u00f6rest\u00e4llande en medel\u00e5lders man sittande vid ett f\u00f6nsterbord, halvt v\u00e4nd mot betraktaren. D\u00e4mpade, kalla f\u00e4rger dominerar rummet; ljuset fr\u00e5n morgonsolen sk\u00e4r genom en tunn gardin och lyfter upp r\u00f6kvirvlar fr\u00e5n en nyligen sl\u00e4ckt cigarett. Mannens ansikte \u00e4r skuggat, med fina penseldrag som antyder b\u00e5de tr\u00f6tthet och stillsam eftertanke. Bakgrunden \u00e4r l\u00f6st m\u00e5lad \u2014 b\u00f6cker, en kopp kallt kaffe och en stapel brev ger fragment av ett liv, medan penseltekniken v\u00e4xlar mellan noggrann realism i ansiktet och impressionistiska svep i omgivningen. Kontrasten mellan det varma ljuset och de kalla tonerna i rummet skapar en k\u00e4nsla av b\u00e5de nostalgi och avskildhet.<\/div>\n<\/li>\n<li>\n<p>        <img decoding=\"async\" src=\"\/wp-content\/uploads\/2026\/05\/head.jpg\" alt=\"\"><\/p>\n<h3>Morgonens Sista R\u00f6k<\/h3>\n<p>Peo Herrdin, 2026<\/p>\n<div>En oljem\u00e5lning f\u00f6rest\u00e4llande en medel\u00e5lders man sittande vid ett f\u00f6nsterbord, halvt v\u00e4nd mot betraktaren. D\u00e4mpade, kalla f\u00e4rger dominerar rummet; ljuset fr\u00e5n morgonsolen sk\u00e4r genom en tunn gardin och lyfter upp r\u00f6kvirvlar fr\u00e5n en nyligen sl\u00e4ckt cigarett. Mannens ansikte \u00e4r skuggat, med fina penseldrag som antyder b\u00e5de tr\u00f6tthet och stillsam eftertanke. Bakgrunden \u00e4r l\u00f6st m\u00e5lad \u2014 b\u00f6cker, en kopp kallt kaffe och en stapel brev ger fragment av ett liv, medan penseltekniken v\u00e4xlar mellan noggrann realism i ansiktet och impressionistiska svep i omgivningen. Kontrasten mellan det varma ljuset och de kalla tonerna i rummet skapar en k\u00e4nsla av b\u00e5de nostalgi och avskildhet.<\/div>\n<\/li>\n<\/ul>\n<p><!--more--><br \/>\n<!-- {\"type\":\"layout\",\"children\":[{\"type\":\"section\",\"props\":{\"animation\":\"fade\",\"height\":\"pixels\",\"height_viewport\":600,\"image\":\"wp-content\/uploads\/2026\/05\/head.jpg\",\"image_position\":\"bottom-center\",\"media_overlay\":\"rgba(0, 0, 0, 0.25)\",\"style\":\"default\",\"text_color\":\"light\",\"title_breakpoint\":\"xl\",\"title_position\":\"top-left\",\"title_rotation\":\"left\",\"vertical_align\":\"middle\",\"width\":\"default\"},\"children\":[{\"type\":\"row\",\"children\":[{\"type\":\"column\",\"props\":{\"image_position\":\"center-center\",\"position_sticky_breakpoint\":\"m\"},\"children\":[{\"type\":\"headline\",\"props\":{\"content\":\"Galleri\",\"image_align\":\"left\",\"image_margin\":\"xsmall\",\"margin_bottom\":\"remove\",\"title_element\":\"h1\",\"title_style\":\"h5\"}},{\"type\":\"headline\",\"props\":{\"content\":\"Peo Herrdin\",\"image_align\":\"left\",\"image_margin\":\"xsmall\",\"margin_bottom\":\"small\",\"margin_top\":\"remove\",\"title_element\":\"h1\",\"title_style\":\"heading-large\"}},{\"type\":\"headline\",\"props\":{\"content\":\"Palettens R\u00f6st \u2022 N\u00e4r ideer blir konst\",\"image_align\":\"left\",\"image_margin\":\"xsmall\",\"margin_top\":\"small\",\"title_element\":\"h1\",\"title_style\":\"h4\"}}]}]}]},{\"type\":\"section\",\"props\":{\"animation\":\"fade\",\"image_position\":\"center-center\",\"style\":\"default\",\"title_breakpoint\":\"xl\",\"title_position\":\"top-left\",\"title_rotation\":\"left\",\"vertical_align\":\"middle\",\"width\":\"default\"},\"children\":[{\"type\":\"row\",\"children\":[{\"type\":\"column\",\"props\":{\"image_position\":\"center-center\",\"position_sticky_breakpoint\":\"m\"},\"children\":[{\"type\":\"grid\",\"props\":{\"content_column_breakpoint\":\"m\",\"content_display\":\"lightbox\",\"filter_align\":\"left\",\"filter_all\":true,\"filter_grid_breakpoint\":\"m\",\"filter_grid_width\":\"auto\",\"filter_position\":\"top\",\"filter_style\":\"tab\",\"grid_default\":\"1\",\"grid_medium\":\"3\",\"image_align\":\"top\",\"image_border\":\"rounded\",\"image_grid_breakpoint\":\"m\",\"image_grid_width\":\"1-2\",\"image_link\":false,\"image_loading\":false,\"image_svg_color\":\"emphasis\",\"image_transition\":\"scale-up\",\"item_animation\":true,\"lightbox\":true,\"lightbox_animation\":\"fade\",\"lightbox_bg_close\":true,\"link_style\":\"default\",\"link_text\":\"\",\"margin_bottom\":\"default\",\"margin_top\":\"default\",\"meta_align\":\"below-title\",\"meta_element\":\"div\",\"meta_style\":\"text-meta\",\"panel_image_no_padding\":false,\"panel_link\":true,\"panel_link_hover\":true,\"panel_style\":\"card-overlay\",\"show_content\":true,\"show_hover_image\":true,\"show_hover_video\":true,\"show_image\":true,\"show_link\":true,\"show_meta\":true,\"show_title\":true,\"show_video\":true,\"text_align\":\"center\",\"title_align\":\"top\",\"title_element\":\"h3\",\"title_grid_breakpoint\":\"m\",\"title_grid_width\":\"1-2\",\"title_hover_style\":\"reset\"},\"children\":[{\"type\":\"grid_item\",\"props\":{\"content\":\"En oljem\u00e5lning f\u00f6rest\u00e4llande en medel\u00e5lders man sittande vid ett f\u00f6nsterbord, halvt v\u00e4nd mot betraktaren. D\u00e4mpade, kalla f\u00e4rger dominerar rummet; ljuset fr\u00e5n morgonsolen sk\u00e4r genom en tunn gardin och lyfter upp r\u00f6kvirvlar fr\u00e5n en nyligen sl\u00e4ckt cigarett. Mannens ansikte \u00e4r skuggat, med fina penseldrag som antyder b\u00e5de tr\u00f6tthet och stillsam eftertanke. Bakgrunden \u00e4r l\u00f6st m\u00e5lad \u2014 b\u00f6cker, en kopp kallt kaffe och en stapel brev ger fragment av ett liv, medan penseltekniken v\u00e4xlar mellan noggrann realism i ansiktet och impressionistiska svep i omgivningen. Kontrasten mellan det varma ljuset och de kalla tonerna i rummet skapar en k\u00e4nsla av b\u00e5de nostalgi och avskildhet.\",\"image\":\"wp-content\/uploads\/2026\/05\/head.jpg\",\"meta\":\"Peo Herrdin, 2026\",\"title\":\"Morgonens Sista R\u00f6k\"}},{\"type\":\"grid_item\",\"props\":{\"content\":\"En oljem\u00e5lning f\u00f6rest\u00e4llande en medel\u00e5lders man sittande vid ett f\u00f6nsterbord, halvt v\u00e4nd mot betraktaren. D\u00e4mpade, kalla f\u00e4rger dominerar rummet; ljuset fr\u00e5n morgonsolen sk\u00e4r genom en tunn gardin och lyfter upp r\u00f6kvirvlar fr\u00e5n en nyligen sl\u00e4ckt cigarett. Mannens ansikte \u00e4r skuggat, med fina penseldrag som antyder b\u00e5de tr\u00f6tthet och stillsam eftertanke. Bakgrunden \u00e4r l\u00f6st m\u00e5lad \u2014 b\u00f6cker, en kopp kallt kaffe och en stapel brev ger fragment av ett liv, medan penseltekniken v\u00e4xlar mellan noggrann realism i ansiktet och impressionistiska svep i omgivningen. Kontrasten mellan det varma ljuset och de kalla tonerna i rummet skapar en k\u00e4nsla av b\u00e5de nostalgi och avskildhet.\",\"image\":\"wp-content\/uploads\/2026\/05\/head.jpg\",\"meta\":\"Peo Herrdin, 2022\",\"title\":\"Morgonens Sista R\u00f6k\"}},{\"type\":\"grid_item\",\"props\":{\"content\":\"En oljem\u00e5lning f\u00f6rest\u00e4llande en medel\u00e5lders man sittande vid ett f\u00f6nsterbord, halvt v\u00e4nd mot betraktaren. D\u00e4mpade, kalla f\u00e4rger dominerar rummet; ljuset fr\u00e5n morgonsolen sk\u00e4r genom en tunn gardin och lyfter upp r\u00f6kvirvlar fr\u00e5n en nyligen sl\u00e4ckt cigarett. Mannens ansikte \u00e4r skuggat, med fina penseldrag som antyder b\u00e5de tr\u00f6tthet och stillsam eftertanke. Bakgrunden \u00e4r l\u00f6st m\u00e5lad \u2014 b\u00f6cker, en kopp kallt kaffe och en stapel brev ger fragment av ett liv, medan penseltekniken v\u00e4xlar mellan noggrann realism i ansiktet och impressionistiska svep i omgivningen. Kontrasten mellan det varma ljuset och de kalla tonerna i rummet skapar en k\u00e4nsla av b\u00e5de nostalgi och avskildhet.\",\"image\":\"wp-content\/uploads\/2026\/05\/head.jpg\",\"meta\":\"Peo Herrdin, 2026\",\"title\":\"Morgonens Sista R\u00f6k\"}},{\"type\":\"grid_item\",\"props\":{\"content\":\"En oljem\u00e5lning f\u00f6rest\u00e4llande en medel\u00e5lders man sittande vid ett f\u00f6nsterbord, halvt v\u00e4nd mot betraktaren. D\u00e4mpade, kalla f\u00e4rger dominerar rummet; ljuset fr\u00e5n morgonsolen sk\u00e4r genom en tunn gardin och lyfter upp r\u00f6kvirvlar fr\u00e5n en nyligen sl\u00e4ckt cigarett. Mannens ansikte \u00e4r skuggat, med fina penseldrag som antyder b\u00e5de tr\u00f6tthet och stillsam eftertanke. Bakgrunden \u00e4r l\u00f6st m\u00e5lad \u2014 b\u00f6cker, en kopp kallt kaffe och en stapel brev ger fragment av ett liv, medan penseltekniken v\u00e4xlar mellan noggrann realism i ansiktet och impressionistiska svep i omgivningen. Kontrasten mellan det varma ljuset och de kalla tonerna i rummet skapar en k\u00e4nsla av b\u00e5de nostalgi och avskildhet.\",\"image\":\"wp-content\/uploads\/2026\/05\/head.jpg\",\"meta\":\"Peo Herrdin, 2026\",\"title\":\"Morgonens Sista R\u00f6k\"}},{\"type\":\"grid_item\",\"props\":{\"content\":\"En oljem\u00e5lning f\u00f6rest\u00e4llande en medel\u00e5lders man sittande vid ett f\u00f6nsterbord, halvt v\u00e4nd mot betraktaren. D\u00e4mpade, kalla f\u00e4rger dominerar rummet; ljuset fr\u00e5n morgonsolen sk\u00e4r genom en tunn gardin och lyfter upp r\u00f6kvirvlar fr\u00e5n en nyligen sl\u00e4ckt cigarett. Mannens ansikte \u00e4r skuggat, med fina penseldrag som antyder b\u00e5de tr\u00f6tthet och stillsam eftertanke. Bakgrunden \u00e4r l\u00f6st m\u00e5lad \u2014 b\u00f6cker, en kopp kallt kaffe och en stapel brev ger fragment av ett liv, medan penseltekniken v\u00e4xlar mellan noggrann realism i ansiktet och impressionistiska svep i omgivningen. Kontrasten mellan det varma ljuset och de kalla tonerna i rummet skapar en k\u00e4nsla av b\u00e5de nostalgi och avskildhet.\",\"image\":\"wp-content\/uploads\/2026\/05\/head.jpg\",\"meta\":\"Peo Herrdin, 2026\",\"title\":\"Morgonens Sista R\u00f6k\"}},{\"type\":\"grid_item\",\"props\":{\"content\":\"En oljem\u00e5lning f\u00f6rest\u00e4llande en medel\u00e5lders man sittande vid ett f\u00f6nsterbord, halvt v\u00e4nd mot betraktaren. D\u00e4mpade, kalla f\u00e4rger dominerar rummet; ljuset fr\u00e5n morgonsolen sk\u00e4r genom en tunn gardin och lyfter upp r\u00f6kvirvlar fr\u00e5n en nyligen sl\u00e4ckt cigarett. Mannens ansikte \u00e4r skuggat, med fina penseldrag som antyder b\u00e5de tr\u00f6tthet och stillsam eftertanke. Bakgrunden \u00e4r l\u00f6st m\u00e5lad \u2014 b\u00f6cker, en kopp kallt kaffe och en stapel brev ger fragment av ett liv, medan penseltekniken v\u00e4xlar mellan noggrann realism i ansiktet och impressionistiska svep i omgivningen. Kontrasten mellan det varma ljuset och de kalla tonerna i rummet skapar en k\u00e4nsla av b\u00e5de nostalgi och avskildhet.\",\"image\":\"wp-content\/uploads\/2026\/05\/head.jpg\",\"meta\":\"Peo Herrdin, 2026\",\"title\":\"Morgonens Sista R\u00f6k\"}}]}]}]}]}],\"version\":\"5.0.19\"} --><\/p>\n","protected":false},"excerpt":{"rendered":"<p>Galleri Peo Herrdin Palettens R\u00f6st \u2022 N\u00e4r ideer blir konst Morgonens Sista R\u00f6k Peo Herrdin, 2026 En oljem\u00e5lning f\u00f6rest\u00e4llande en medel\u00e5lders man sittande vid ett f\u00f6nsterbord, halvt v\u00e4nd mot betraktaren. D\u00e4mpade, kalla f\u00e4rger dominerar rummet; ljuset fr\u00e5n morgonsolen sk\u00e4r genom en tunn gardin och lyfter upp r\u00f6kvirvlar fr\u00e5n en nyligen sl\u00e4ckt cigarett. Mannens ansikte \u00e4r [&hellip;]<\/p>\n","protected":false},"author":1,"featured_media":0,"parent":0,"menu_order":0,"comment_status":"closed","ping_status":"open","template":"","meta":{"footnotes":""},"class_list":["post-2","page","type-page","status-publish","hentry"],"_links":{"self":[{"href":"https:\/\/peoherrdin.se\/index.php?rest_route=\/wp\/v2\/pages\/2","targetHints":{"allow":["GET"]}}],"collection":[{"href":"https:\/\/peoherrdin.se\/index.php?rest_route=\/wp\/v2\/pages"}],"about":[{"href":"https:\/\/peoherrdin.se\/index.php?rest_route=\/wp\/v2\/types\/page"}],"author":[{"embeddable":true,"href":"https:\/\/peoherrdin.se\/index.php?rest_route=\/wp\/v2\/users\/1"}],"replies":[{"embeddable":true,"href":"https:\/\/peoherrdin.se\/index.php?rest_route=%2Fwp%2Fv2%2Fcomments&post=2"}],"version-history":[{"count":41,"href":"https:\/\/peoherrdin.se\/index.php?rest_route=\/wp\/v2\/pages\/2\/revisions"}],"predecessor-version":[{"id":47,"href":"https:\/\/peoherrdin.se\/index.php?rest_route=\/wp\/v2\/pages\/2\/revisions\/47"}],"wp:attachment":[{"href":"https:\/\/peoherrdin.se\/index.php?rest_route=%2Fwp%2Fv2%2Fmedia&parent=2"}],"curies":[{"name":"wp","href":"https:\/\/api.w.org\/{rel}","templated":true}]}}